{"id":21,"date":"2020-11-06T06:45:41","date_gmt":"2020-11-06T09:45:41","guid":{"rendered":"https:\/\/demo.casethemes.net\/intime\/?page_id=21"},"modified":"2026-03-01T14:45:24","modified_gmt":"2026-03-01T17:45:24","slug":"sobre-nos-prada","status":"publish","type":"page","link":"https:\/\/pradabr.com.br\/2022\/sobre-nos-prada\/","title":{"rendered":"Sobre n\u00f3s"},"content":{"rendered":"\t\t<div data-elementor-type=\"wp-page\" data-elementor-id=\"21\" class=\"elementor elementor-21\" data-elementor-post-type=\"page\">\n\t\t\t\t        <section class=\"elementor-section elementor-top-section elementor-element elementor-element-9db9e6a elementor-section-stretched elementor-section-content-middle elementor-section-boxed elementor-section-height-default elementor-section-height-default\" data-id=\"9db9e6a\" data-element_type=\"section\" data-e-type=\"section\" data-settings=\"{&quot;stretch_section&quot;:&quot;section-stretched&quot;,&quot;background_background&quot;:&quot;classic&quot;}\">\n                            <div class=\"elementor-background-overlay\"><\/div>\n                \n                        <div class=\"elementor-container elementor-column-gap-extended \">\n                    <div class=\"elementor-column elementor-col-50 elementor-top-column elementor-element elementor-element-30bd116\" data-id=\"30bd116\" data-element_type=\"column\" data-e-type=\"column\">\n        <div class=\"elementor-widget-wrap elementor-element-populated\">\n                    \n        \t\t<div class=\"elementor-element elementor-element-1f00c46 elementor-widget elementor-widget-ct_heading\" data-id=\"1f00c46\" data-element_type=\"widget\" data-e-type=\"widget\" data-widget_type=\"ct_heading.default\">\n\t\t\t\t<div class=\"elementor-widget-container\">\n\t\t\t\t\t<div class=\"ct-heading h-align- item-st-default\">\r\n\t\t\t<div class=\"item--sub-title style-default\">\r\n            <span>\r\n                Nossa hist\u00f3ria            <\/span>\r\n        <\/div>\r\n\t    <h3 class=\"item--title case-animate-time st-default \" data-wow-delay=\"ms\">\r\n        <span class=\"slide-in-container\"><span class=\"d-inline-block wow case-fade-in-up\">Respeito<\/span><\/span> <span class=\"slide-in-container\"><span class=\"d-inline-block wow case-fade-in-up\">\u00e0<\/span><\/span> <span class=\"slide-in-container\"><span class=\"d-inline-block wow case-fade-in-up\">unicidade<\/span><\/span> <span class=\"slide-in-container\"><span class=\"d-inline-block wow case-fade-in-up\">e<\/span><\/span> <span class=\"slide-in-container\"><span class=\"d-inline-block wow case-fade-in-up\">individualidade<\/span><\/span>    <\/h3>\r\n<\/div>\r\n\r\n\t\t\t\t<\/div>\n\t\t\t\t<\/div>\n\t\t\t\t<div class=\"elementor-element elementor-element-a7cb094 elementor-widget elementor-widget-ct_text_editor\" data-id=\"a7cb094\" data-element_type=\"widget\" data-e-type=\"widget\" data-widget_type=\"ct_text_editor.default\">\n\t\t\t\t<div class=\"elementor-widget-container\">\n\t\t\t\t\t<div id=\"ct_text_editor-a7cb094\" class=\"ct-text-editor \" data-wow-delay=\"ms\">\n\t<div class=\"ct-inline-css\"  data-css=\"\n        \t\t\">\n\n    <\/div>\n\t<div class=\"ct-text-editor elementor-clearfix\">\n\t\t<p>Foi em janeiro de 2010, sentados no ch\u00e3o do rec\u00e9m reformado escrit\u00f3rio na Faria Lima, que eu, <a href=\"https:\/\/pradabr.com.br\/2022\/pedro-parente\/\">Pedro <\/a>Parente (ent\u00e3o meu marido), nosso empreiteiro Carlos e Mary Livingston (minha querida madrinha, precocemente falecida) brindamos, com uma gelad\u00edssima Taittinger Ros\u00e9, a funda\u00e7\u00e3o da <span style=\"color: #d16531\"><strong>PRADA<\/strong><\/span>.<\/p><p>Nosso prop\u00f3sito original era criar um escrit\u00f3rio de investimento capaz de cuidar de cada cliente a partir da sua unicidade e individualidade; oferecer <em>best in class<\/em> planejamento patrimonial e gest\u00e3o de ativos; garantir o alinhamento de interesse entre o cliente, o time e n\u00f3s fundadores; e atuar com transpar\u00eancia e integridade.<\/p><p>O sonho de partida era grande, mas o que n\u00f3s conquistamos nesses anos foi ainda maior.<\/p><p>Foi gra\u00e7as a essas fam\u00edlias que fomos aprimorando nosso arcabou\u00e7o anal\u00edtico e abordagens de gest\u00e3o. Nossa atua\u00e7\u00e3o hoje vai al\u00e9m da fronteira geogr\u00e1fica do Brasil. Nossa rede de relacionamento com escrit\u00f3rios mundo afora propicia acesso a investimentos sem intermedia\u00e7\u00e3o e realmente \u00fanicos, sempre visando ao cumprimento dos mandatos outorgados a n\u00f3s. Nossa compet\u00eancia expandiu-se para abarcar oportunidades na economia real em diversos segmentos, como energia renov\u00e1vel, ativos florestais, educa\u00e7\u00e3o e log\u00edstica.<\/p>\t\t\n\t<\/div>\n<\/div>\t\t\t\t<\/div>\n\t\t\t\t<\/div>\n\t\t            <\/div>\n        <\/div>\n                <div class=\"elementor-column elementor-col-50 elementor-top-column elementor-element elementor-element-defeb10\" data-id=\"defeb10\" data-element_type=\"column\" data-e-type=\"column\">\n        <div class=\"elementor-widget-wrap elementor-element-populated\">\n                    \n        \t\t<div class=\"elementor-element elementor-element-2c647b3 elementor-widget elementor-widget-ct_banner\" data-id=\"2c647b3\" data-element_type=\"widget\" data-e-type=\"widget\" data-widget_type=\"ct_banner.default\">\n\t\t\t\t<div class=\"elementor-widget-container\">\n\t\t\t\t\t\t<div class=\"ct-banner1\">\r\n\t\t<div class=\"ct-banner-inner\">\r\n\t\t\t<img fetchpriority=\"high\" decoding=\"async\" width=\"533\" height=\"800\" src=\"https:\/\/pradabr.com.br\/2022\/wp-content\/uploads\/2023\/04\/Lucia-by-PB-Dani-11.jpg\" class=\"ct-banner-image1 attachment-full\" alt=\"\" \/>\t\t\t<div class=\"ct-banner-meta\">\r\n\t\t\t\t<div class=\"ct-banner-meta-inner wow fadeInRight\">\r\n\t\t\t\t\t<div class=\"ct-banner-number\">\r\n\t\t\t\t\t\t<span class=\"ct-counter-number-value\" data-duration=\"2000\" data-to-value=\"16\" data-delimiter=\".\">0<\/span>\r\n\t\t\t\t\t\t\t\t\t\t\t\t\t<span>+<\/span>\r\n\t\t\t\t\t\t\t\t\t\t\t<\/div>\r\n\t\t\t\t\t<div class=\"ct-banner-title\">Anos de hist\u00f3ria<\/div>\r\n\t\t\t\t<\/div>\r\n\t\t\t<\/div>\r\n\t\t<\/div>\r\n\t<\/div>\r\n\t\t\t\t<\/div>\n\t\t\t\t<\/div>\n\t\t            <\/div>\n        <\/div>\n                    <\/div>\n        <\/section>\n                <section class=\"elementor-section elementor-top-section elementor-element elementor-element-393d503 elementor-section-content-middle elementor-section-stretched elementor-section-boxed elementor-section-height-default elementor-section-height-default\" data-id=\"393d503\" data-element_type=\"section\" data-e-type=\"section\" data-settings=\"{&quot;stretch_section&quot;:&quot;section-stretched&quot;,&quot;background_background&quot;:&quot;classic&quot;,&quot;background_motion_fx_motion_fx_scrolling&quot;:&quot;yes&quot;,&quot;background_motion_fx_devices&quot;:[&quot;desktop&quot;,&quot;tablet&quot;,&quot;mobile&quot;]}\">\n            \n                        <div class=\"elementor-container elementor-column-gap-extended \">\n                    <div class=\"elementor-column elementor-col-50 elementor-top-column elementor-element elementor-element-48209d2\" data-id=\"48209d2\" data-element_type=\"column\" data-e-type=\"column\">\n        <div class=\"elementor-widget-wrap elementor-element-populated\">\n                    \n        \t\t<div class=\"elementor-element elementor-element-1fe2f9d elementor-widget elementor-widget-ct_heading\" data-id=\"1fe2f9d\" data-element_type=\"widget\" data-e-type=\"widget\" data-widget_type=\"ct_heading.default\">\n\t\t\t\t<div class=\"elementor-widget-container\">\n\t\t\t\t\t<div class=\"ct-heading h-align- item-st-default\">\r\n\t\t\t<div class=\"item--sub-title style-default\">\r\n            <span>\r\n                NOSSA CULTURA             <\/span>\r\n        <\/div>\r\n\t    <h3 class=\"item--title case-animate-time st-default \" data-wow-delay=\"ms\">\r\n        <span class=\"slide-in-container\"><span class=\"d-inline-block wow case-fade-in-up\">Nossa<\/span><\/span> <span class=\"slide-in-container\"><span class=\"d-inline-block wow case-fade-in-up\">cultura<\/span><\/span> <span class=\"slide-in-container\"><span class=\"d-inline-block wow case-fade-in-up\">refor\u00e7a<\/span><\/span> <span class=\"slide-in-container\"><span class=\"d-inline-block wow case-fade-in-up\">nossa<\/span><\/span> <span class=\"slide-in-container\"><span class=\"d-inline-block wow case-fade-in-up\">singularidade<\/span><\/span> <span class=\"slide-in-container\"><span class=\"d-inline-block wow case-fade-in-up\">e<\/span><\/span> <span class=\"slide-in-container\"><span class=\"d-inline-block wow case-fade-in-up\">nosso<\/span><\/span> <span class=\"slide-in-container\"><span class=\"d-inline-block wow case-fade-in-up\">prop\u00f3sito<\/span><\/span>    <\/h3>\r\n<\/div>\r\n\r\n\t\t\t\t<\/div>\n\t\t\t\t<\/div>\n\t\t\t\t<div class=\"elementor-element elementor-element-6b28a5a elementor-widget elementor-widget-text-editor\" data-id=\"6b28a5a\" data-element_type=\"widget\" data-e-type=\"widget\" data-widget_type=\"text-editor.default\">\n\t\t\t\t<div class=\"elementor-widget-container\">\n\t\t\t\t\t\t\t\t\t<p>Foi nos primeiros anos de nossa empresa que Cristina Nogueira, uma de nossas <a href=\"https:\/\/pradabr.com.br\/2022\/yoda\/\">Yodas<\/a>, adotou a <span style=\"color: #d16531;\"><strong>PRADA<\/strong><\/span>. Cristina \u00e9 uma <em>expert<\/em> em criar times de alta performance e culturas corporativas de excel\u00eancia. Ficou claro para mim que, para executar nosso prop\u00f3sito original, precisar\u00edamos nutrir um determinado tipo de cultura na <span style=\"color: #d16531;\"><strong>PRADA<\/strong><\/span>; tamb\u00e9m ficou evidente a forte rela\u00e7\u00e3o entre cultura e sucesso. Explicitamos os valores centrais dos fundadores e dedicamos tempo e esfor\u00e7o para desenvolver a nossa cultura empresarial que, no decorrer dos anos, moldou o comportamento do nosso time. Somos uma organiza\u00e7\u00e3o que <em>walk the talk<\/em>.<\/p><p>Os atributos de nossa cultura englobam: disposi\u00e7\u00e3o para aprender, desenvolvimento de pessoas, busca pela excel\u00eancia, atuar de forma audaciosa e inovadora, constru\u00e7\u00e3o de relacionamentos verdadeiros e duradouros, honestidade, cortesia e fazer a coisa certa. Esses atributos permeiam nossa intera\u00e7\u00e3o uns com os outros, e com nossos clientes e demais <em>stakeholders<\/em>. <strong>Nossa cultura \u00e9 nossa identidade<\/strong>.<\/p>\t\t\t\t\t\t\t\t<\/div>\n\t\t\t\t<\/div>\n\t\t            <\/div>\n        <\/div>\n                <div class=\"elementor-column elementor-col-50 elementor-top-column elementor-element elementor-element-03923ab\" data-id=\"03923ab\" data-element_type=\"column\" data-e-type=\"column\" data-settings=\"{&quot;background_background&quot;:&quot;classic&quot;}\">\n        <div class=\"elementor-widget-wrap elementor-element-populated\">\n                    \n        \t\t<div class=\"elementor-element elementor-element-0fd0ac8 elementor-widget elementor-widget-text-editor\" data-id=\"0fd0ac8\" data-element_type=\"widget\" data-e-type=\"widget\" data-widget_type=\"text-editor.default\">\n\t\t\t\t<div class=\"elementor-widget-container\">\n\t\t\t\t\t\t\t\t\t<p><em>\u201cAtribuo nosso sucesso ao seleto grupo de fam\u00edlias empres\u00e1rias que depositou confian\u00e7a em nosso time, nossa cultura e nosso jeito de ser. S\u00e3o essas fam\u00edlias que nos demandaram para resolver problemas complexos de suas vidas, relacionados \u00e0 preserva\u00e7\u00e3o, crescimento e sucess\u00e3o do seu patrim\u00f4nio.\u201d<\/em><\/p><p style=\"text-align: center;\"><strong><span style=\"color: #d16531; font-size: 18px;\">Lucia Hauptman, fundadora e CEO da PRADA<\/span><\/strong><\/p>\t\t\t\t\t\t\t\t<\/div>\n\t\t\t\t<\/div>\n\t\t            <\/div>\n        <\/div>\n                    <\/div>\n        <\/section>\n        \t\t<\/div>\n\t\t","protected":false},"excerpt":{"rendered":"<p>Nossa hist\u00f3ria Respeito \u00e0 unicidade e individualidade Foi em janeiro de 2010, sentados no ch\u00e3o do rec\u00e9m reformado escrit\u00f3rio na Faria Lima, que eu, Pedro Parente (ent\u00e3o meu marido), nosso empreiteiro Carlos e Mary Livingston (minha querida madrinha, precocemente falecida) brindamos, com uma gelad\u00edssima Taittinger Ros\u00e9, a funda\u00e7\u00e3o da PRADA. Nosso prop\u00f3sito original era criar [&hellip;]<\/p>\n","protected":false},"author":2,"featured_media":0,"parent":0,"menu_order":0,"comment_status":"closed","ping_status":"closed","template":"","meta":{"footnotes":"","_links_to":"","_links_to_target":""},"class_list":["post-21","page","type-page","status-publish","hentry"],"_links":{"self":[{"href":"https:\/\/pradabr.com.br\/2022\/wp-json\/wp\/v2\/pages\/21","targetHints":{"allow":["GET"]}}],"collection":[{"href":"https:\/\/pradabr.com.br\/2022\/wp-json\/wp\/v2\/pages"}],"about":[{"href":"https:\/\/pradabr.com.br\/2022\/wp-json\/wp\/v2\/types\/page"}],"author":[{"embeddable":true,"href":"https:\/\/pradabr.com.br\/2022\/wp-json\/wp\/v2\/users\/2"}],"replies":[{"embeddable":true,"href":"https:\/\/pradabr.com.br\/2022\/wp-json\/wp\/v2\/comments?post=21"}],"version-history":[{"count":69,"href":"https:\/\/pradabr.com.br\/2022\/wp-json\/wp\/v2\/pages\/21\/revisions"}],"predecessor-version":[{"id":10138,"href":"https:\/\/pradabr.com.br\/2022\/wp-json\/wp\/v2\/pages\/21\/revisions\/10138"}],"wp:attachment":[{"href":"https:\/\/pradabr.com.br\/2022\/wp-json\/wp\/v2\/media?parent=21"}],"curies":[{"name":"wp","href":"https:\/\/api.w.org\/{rel}","templated":true}]}}