{"id":23,"date":"2020-11-06T06:45:49","date_gmt":"2020-11-06T06:45:49","guid":{"rendered":"https:\/\/demo.casethemes.net\/intime\/?page_id=23"},"modified":"2023-07-07T12:53:27","modified_gmt":"2023-07-07T15:53:27","slug":"proposta-de-valor","status":"publish","type":"page","link":"https:\/\/pradabr.com.br\/2022\/proposta-de-valor\/","title":{"rendered":"Proposta de valor"},"content":{"rendered":"\t\t<div data-elementor-type=\"wp-page\" data-elementor-id=\"23\" class=\"elementor elementor-23\" data-elementor-post-type=\"page\">\n\t\t\t\t        <section class=\"elementor-section elementor-top-section elementor-element elementor-element-32d4dd8 elementor-section-boxed elementor-section-height-default elementor-section-height-default\" data-id=\"32d4dd8\" data-element_type=\"section\" data-e-type=\"section\">\n            \n                        <div class=\"elementor-container elementor-column-gap-extended \">\n                    <div class=\"elementor-column elementor-col-100 elementor-top-column elementor-element elementor-element-f7034ac\" data-id=\"f7034ac\" data-element_type=\"column\" data-e-type=\"column\">\n        <div class=\"elementor-widget-wrap elementor-element-populated\">\n                    \n                <section class=\"elementor-section elementor-inner-section elementor-element elementor-element-26eab26 elementor-section-content-middle elementor-section-boxed elementor-section-height-default elementor-section-height-default\" data-id=\"26eab26\" data-element_type=\"section\" data-e-type=\"section\">\n            \n                        <div class=\"elementor-container elementor-column-gap-extended \">\n                    <div class=\"elementor-column elementor-col-50 elementor-inner-column elementor-element elementor-element-219ff61\" data-id=\"219ff61\" data-element_type=\"column\" data-e-type=\"column\">\n        <div class=\"elementor-widget-wrap elementor-element-populated\">\n                    \n        \t\t<div class=\"elementor-element elementor-element-cdcbd33 elementor-widget elementor-widget-ct_heading\" data-id=\"cdcbd33\" data-element_type=\"widget\" data-e-type=\"widget\" data-widget_type=\"ct_heading.default\">\n\t\t\t\t<div class=\"elementor-widget-container\">\n\t\t\t\t\t<div class=\"ct-heading h-align- item-st-default\">\r\n\t\t\t<div class=\"item--sub-title style-default\">\r\n            <span>\r\n                             <\/span>\r\n        <\/div>\r\n\t    <h3 class=\"item--title case-animate-time st-default \" data-wow-delay=\"ms\">\r\n        <span class=\"slide-in-container\"><span class=\"d-inline-block wow case-fade-in-up\">Proposta<\/span><\/span> <span class=\"slide-in-container\"><span class=\"d-inline-block wow case-fade-in-up\">de<\/span><\/span> <span class=\"slide-in-container\"><span class=\"d-inline-block wow case-fade-in-up\">valor<\/span><\/span>    <\/h3>\r\n<\/div>\r\n\r\n\t\t\t\t<\/div>\n\t\t\t\t<\/div>\n\t\t            <\/div>\n        <\/div>\n                <div class=\"elementor-column elementor-col-50 elementor-inner-column elementor-element elementor-element-7cd1ef7\" data-id=\"7cd1ef7\" data-element_type=\"column\" data-e-type=\"column\">\n        <div class=\"elementor-widget-wrap\">\n                    \n                    <\/div>\n        <\/div>\n                    <\/div>\n        <\/section>\n        \t\t<div class=\"elementor-element elementor-element-317e981 elementor-widget elementor-widget-text-editor\" data-id=\"317e981\" data-element_type=\"widget\" data-e-type=\"widget\" data-widget_type=\"text-editor.default\">\n\t\t\t\t<div class=\"elementor-widget-container\">\n\t\t\t\t\t\t\t\t\t<p><strong>Acreditamos que a decis\u00e3o de investimento deve estar a servi\u00e7o de aspira\u00e7\u00f5es e objetivos<\/strong> devidamente explicitados e pactuados com cada uma das fam\u00edlias empres\u00e1rias que atendemos. A principal consequ\u00eancia dessa <strong>cren\u00e7a<\/strong> \u00e9 que a sele\u00e7\u00e3o de oportunidades e a decis\u00e3o de realizar um determinado investimento s\u00e3o guiadas pelos mandatos outorgados a n\u00f3s. Com isso n\u00e3o estamos restritos a um card\u00e1pio de ativos e produtos previamente estipulados. Temos a liberalidade de originar as oportunidades onde quer que elas estejam.<\/p><p>Nossa metodologia de <strong>defini\u00e7\u00e3o de mandatos<\/strong>, somada a nosso <strong>processo de dilig\u00eancia<\/strong>, tem atendido as expectativas de nossos clientes, que com frequ\u00eancia indicam nosso trabalho para seus amigos e parentes. Essa tem sido uma importante fonte no nosso crescimento.<\/p>\t\t\t\t\t\t\t\t<\/div>\n\t\t\t\t<\/div>\n\t\t            <\/div>\n        <\/div>\n                    <\/div>\n        <\/section>\n                <section class=\"elementor-section elementor-top-section elementor-element elementor-element-59ce1ab elementor-section-boxed elementor-section-height-default elementor-section-height-default\" data-id=\"59ce1ab\" data-element_type=\"section\" data-e-type=\"section\">\n            \n                        <div class=\"elementor-container elementor-column-gap-default \">\n                    <div class=\"elementor-column elementor-col-100 elementor-top-column elementor-element elementor-element-a9cc29b\" data-id=\"a9cc29b\" data-element_type=\"column\" data-e-type=\"column\">\n        <div class=\"elementor-widget-wrap elementor-element-populated\">\n                    \n        \t\t<div class=\"elementor-element elementor-element-06723c8 elementor-widget elementor-widget-ct_image\" data-id=\"06723c8\" data-element_type=\"widget\" data-e-type=\"widget\" data-widget_type=\"ct_image.default\">\n\t\t\t\t<div class=\"elementor-widget-container\">\n\t\t\t\t\t<div class=\"ct-image-single  \">\r\n                                        <img decoding=\"async\" src=\"https:\/\/pradabr.com.br\/2022\/wp-content\/uploads\/2023\/05\/icones-prada-lote-2-lj-01.svg\" class=\"attachment-full\" alt=\"\" \/>                            <\/div>\t\t\t\t<\/div>\n\t\t\t\t<\/div>\n\t\t\t\t<div class=\"elementor-element elementor-element-f4a35a0 elementor-widget elementor-widget-icon-box\" data-id=\"f4a35a0\" data-element_type=\"widget\" data-e-type=\"widget\" data-widget_type=\"icon-box.default\">\n\t\t\t\t<div class=\"elementor-widget-container\">\n\t\t\t\t\t\t\t<div class=\"elementor-icon-box-wrapper\">\n\n\t\t\t\n\t\t\t\t\t\t<div class=\"elementor-icon-box-content\">\n\n\t\t\t\t\t\t\t\t\t<h3 class=\"elementor-icon-box-title\">\n\t\t\t\t\t\t<span  >\n\t\t\t\t\t\t\tNossa atua\u00e7\u00e3o \u00e9 guiada por cinco princ\u00edpios\t\t\t\t\t\t<\/span>\n\t\t\t\t\t<\/h3>\n\t\t\t\t\n\t\t\t\t\t\t\t\t\t<p class=\"elementor-icon-box-description\">\n\t\t\t\t\t\tClareza de objetivos, alinhamento de interesse, isen\u00e7\u00e3o, transpar\u00eancia e integridade\n\n\t\t\t\t\t<\/p>\n\t\t\t\t\n\t\t\t<\/div>\n\t\t\t\n\t\t<\/div>\n\t\t\t\t\t\t<\/div>\n\t\t\t\t<\/div>\n\t\t\t\t<div class=\"elementor-element elementor-element-6dacac9 elementor-widget-divider--view-line elementor-widget elementor-widget-divider\" data-id=\"6dacac9\" data-element_type=\"widget\" data-e-type=\"widget\" data-widget_type=\"divider.default\">\n\t\t\t\t<div class=\"elementor-widget-container\">\n\t\t\t\t\t\t\t<div class=\"elementor-divider\">\n\t\t\t<span class=\"elementor-divider-separator\">\n\t\t\t\t\t\t<\/span>\n\t\t<\/div>\n\t\t\t\t\t\t<\/div>\n\t\t\t\t<\/div>\n\t\t\t\t<div class=\"elementor-element elementor-element-896b55d elementor-widget elementor-widget-ct_image\" data-id=\"896b55d\" data-element_type=\"widget\" data-e-type=\"widget\" data-widget_type=\"ct_image.default\">\n\t\t\t\t<div class=\"elementor-widget-container\">\n\t\t\t\t\t<div class=\"ct-image-single  \">\r\n                                        <img decoding=\"async\" src=\"https:\/\/pradabr.com.br\/2022\/wp-content\/uploads\/2023\/05\/icones-prada-lote-2-lj-03.svg\" class=\"attachment-full\" alt=\"\" \/>                            <\/div>\t\t\t\t<\/div>\n\t\t\t\t<\/div>\n\t\t\t\t<div class=\"elementor-element elementor-element-236aacf elementor-widget elementor-widget-icon-box\" data-id=\"236aacf\" data-element_type=\"widget\" data-e-type=\"widget\" data-settings=\"{&quot;motion_fx_motion_fx_mouse&quot;:&quot;yes&quot;}\" data-widget_type=\"icon-box.default\">\n\t\t\t\t<div class=\"elementor-widget-container\">\n\t\t\t\t\t\t\t<div class=\"elementor-icon-box-wrapper\">\n\n\t\t\t\n\t\t\t\t\t\t<div class=\"elementor-icon-box-content\">\n\n\t\t\t\t\t\t\t\t\t<h3 class=\"elementor-icon-box-title\">\n\t\t\t\t\t\t<span  >\n\t\t\t\t\t\t\tAtuamos em um universo abrangente de ativos\t\t\t\t\t\t<\/span>\n\t\t\t\t\t<\/h3>\n\t\t\t\t\n\t\t\t\t\t\t\t\t\t<p class=\"elementor-icon-box-description\">\n\t\t\t\t\t\tTemos compet\u00eancia para atuar tanto globalmente como localmente. Desenvolvemos vasta experi\u00eancia para investir na economia real bem como em ativos financeiros. Temos conhecimento e metodologia para avaliar garantias em diversos tipos de ativos. Damos acesso a oportunidades de investimento que s\u00e3o \u00fanicas e diferenciadas\n\n\t\t\t\t\t<\/p>\n\t\t\t\t\n\t\t\t<\/div>\n\t\t\t\n\t\t<\/div>\n\t\t\t\t\t\t<\/div>\n\t\t\t\t<\/div>\n\t\t\t\t<div class=\"elementor-element elementor-element-e4326d7 elementor-widget-divider--view-line elementor-widget elementor-widget-divider\" data-id=\"e4326d7\" data-element_type=\"widget\" data-e-type=\"widget\" data-widget_type=\"divider.default\">\n\t\t\t\t<div class=\"elementor-widget-container\">\n\t\t\t\t\t\t\t<div class=\"elementor-divider\">\n\t\t\t<span class=\"elementor-divider-separator\">\n\t\t\t\t\t\t<\/span>\n\t\t<\/div>\n\t\t\t\t\t\t<\/div>\n\t\t\t\t<\/div>\n\t\t\t\t<div class=\"elementor-element elementor-element-69d15fb elementor-widget elementor-widget-ct_image\" data-id=\"69d15fb\" data-element_type=\"widget\" data-e-type=\"widget\" data-widget_type=\"ct_image.default\">\n\t\t\t\t<div class=\"elementor-widget-container\">\n\t\t\t\t\t<div class=\"ct-image-single  \">\r\n                                        <img decoding=\"async\" src=\"https:\/\/pradabr.com.br\/2022\/wp-content\/uploads\/2023\/05\/icones-prada-lote-2-lj-02.svg\" class=\"attachment-full\" alt=\"\" \/>                            <\/div>\t\t\t\t<\/div>\n\t\t\t\t<\/div>\n\t\t\t\t<div class=\"elementor-element elementor-element-ce436e3 elementor-widget elementor-widget-icon-box\" data-id=\"ce436e3\" data-element_type=\"widget\" data-e-type=\"widget\" data-widget_type=\"icon-box.default\">\n\t\t\t\t<div class=\"elementor-widget-container\">\n\t\t\t\t\t\t\t<div class=\"elementor-icon-box-wrapper\">\n\n\t\t\t\n\t\t\t\t\t\t<div class=\"elementor-icon-box-content\">\n\n\t\t\t\t\t\t\t\t\t<h3 class=\"elementor-icon-box-title\">\n\t\t\t\t\t\t<span  >\n\t\t\t\t\t\t\tAtuamos para cumprir os mandatos outorgados a n\u00f3s\t\t\t\t\t\t<\/span>\n\t\t\t\t\t<\/h3>\n\t\t\t\t\n\t\t\t\t\t\t\t\t\t<p class=\"elementor-icon-box-description\">\n\t\t\t\t\t\tNosso processo de tomada de decis\u00e3o visa a  cumprir os mandatos outorgados a n\u00f3s. Nosso processo de dilig\u00eancia \u00e9 robusto e tem resultado testado. \n\t\t\t\t\t<\/p>\n\t\t\t\t\n\t\t\t<\/div>\n\t\t\t\n\t\t<\/div>\n\t\t\t\t\t\t<\/div>\n\t\t\t\t<\/div>\n\t\t\t\t<div class=\"elementor-element elementor-element-ccf94cc elementor-widget-divider--view-line elementor-widget elementor-widget-divider\" data-id=\"ccf94cc\" data-element_type=\"widget\" data-e-type=\"widget\" data-widget_type=\"divider.default\">\n\t\t\t\t<div class=\"elementor-widget-container\">\n\t\t\t\t\t\t\t<div class=\"elementor-divider\">\n\t\t\t<span class=\"elementor-divider-separator\">\n\t\t\t\t\t\t<\/span>\n\t\t<\/div>\n\t\t\t\t\t\t<\/div>\n\t\t\t\t<\/div>\n\t\t\t\t<div class=\"elementor-element elementor-element-0d207da elementor-widget elementor-widget-ct_image\" data-id=\"0d207da\" data-element_type=\"widget\" data-e-type=\"widget\" data-widget_type=\"ct_image.default\">\n\t\t\t\t<div class=\"elementor-widget-container\">\n\t\t\t\t\t<div class=\"ct-image-single  \">\r\n                                        <img decoding=\"async\" src=\"https:\/\/pradabr.com.br\/2022\/wp-content\/uploads\/2023\/05\/icones-prada-lote-2-lj-04.svg\" class=\"attachment-full\" alt=\"\" \/>                            <\/div>\t\t\t\t<\/div>\n\t\t\t\t<\/div>\n\t\t\t\t<div class=\"elementor-element elementor-element-42e7415 elementor-widget elementor-widget-icon-box\" data-id=\"42e7415\" data-element_type=\"widget\" data-e-type=\"widget\" data-widget_type=\"icon-box.default\">\n\t\t\t\t<div class=\"elementor-widget-container\">\n\t\t\t\t\t\t\t<div class=\"elementor-icon-box-wrapper\">\n\n\t\t\t\n\t\t\t\t\t\t<div class=\"elementor-icon-box-content\">\n\n\t\t\t\t\t\t\t\t\t<h3 class=\"elementor-icon-box-title\">\n\t\t\t\t\t\t<span  >\n\t\t\t\t\t\t\tTemos profici\u00eancia em nossos controles\t\t\t\t\t\t<\/span>\n\t\t\t\t\t<\/h3>\n\t\t\t\t\n\t\t\t\t\t\t\t\t\t<p class=\"elementor-icon-box-description\">\n\t\t\t\t\t\tSomos anal\u00edticos, completos e hol\u00edsticos nos nossos controles\n\n\t\t\t\t\t<\/p>\n\t\t\t\t\n\t\t\t<\/div>\n\t\t\t\n\t\t<\/div>\n\t\t\t\t\t\t<\/div>\n\t\t\t\t<\/div>\n\t\t\t\t<div class=\"elementor-element elementor-element-16fdae6 elementor-widget-divider--view-line elementor-widget elementor-widget-divider\" data-id=\"16fdae6\" data-element_type=\"widget\" data-e-type=\"widget\" data-widget_type=\"divider.default\">\n\t\t\t\t<div class=\"elementor-widget-container\">\n\t\t\t\t\t\t\t<div class=\"elementor-divider\">\n\t\t\t<span class=\"elementor-divider-separator\">\n\t\t\t\t\t\t<\/span>\n\t\t<\/div>\n\t\t\t\t\t\t<\/div>\n\t\t\t\t<\/div>\n\t\t\t\t<div class=\"elementor-element elementor-element-61a4135 elementor-widget elementor-widget-ct_image\" data-id=\"61a4135\" data-element_type=\"widget\" data-e-type=\"widget\" data-widget_type=\"ct_image.default\">\n\t\t\t\t<div class=\"elementor-widget-container\">\n\t\t\t\t\t<div class=\"ct-image-single  \">\r\n                                        <img decoding=\"async\" src=\"https:\/\/pradabr.com.br\/2022\/wp-content\/uploads\/2023\/05\/icones-prada-lote-2-lj-05.svg\" class=\"attachment-full\" alt=\"\" \/>                            <\/div>\t\t\t\t<\/div>\n\t\t\t\t<\/div>\n\t\t\t\t<div class=\"elementor-element elementor-element-c036cc9 elementor-widget elementor-widget-icon-box\" data-id=\"c036cc9\" data-element_type=\"widget\" data-e-type=\"widget\" data-widget_type=\"icon-box.default\">\n\t\t\t\t<div class=\"elementor-widget-container\">\n\t\t\t\t\t\t\t<div class=\"elementor-icon-box-wrapper\">\n\n\t\t\t\n\t\t\t\t\t\t<div class=\"elementor-icon-box-content\">\n\n\t\t\t\t\t\t\t\t\t<h3 class=\"elementor-icon-box-title\">\n\t\t\t\t\t\t<span  >\n\t\t\t\t\t\t\tBuscamos gerar e compartilhar conhecimento relevante e pertinente com os nossos stakeholders\t\t\t\t\t\t<\/span>\n\t\t\t\t\t<\/h3>\n\t\t\t\t\n\t\t\t\t\t\t\t\t\t<p class=\"elementor-icon-box-description\">\n\t\t\t\t\t\tBuscamos oferecer conte\u00fados instigantes e pertinentes nas nossas intera\u00e7\u00f5es com clientes e contrapartes.  Adequamos a nossa linguagem ao grau de profici\u00eancia dos nossos clientes.  Promovemos o debate sobre temas pertinentes no nosso F\u00f3rum de Ideias na <font color=\"#d16531\">PRADA<\/font>\n\n\t\t\t\t\t<\/p>\n\t\t\t\t\n\t\t\t<\/div>\n\t\t\t\n\t\t<\/div>\n\t\t\t\t\t\t<\/div>\n\t\t\t\t<\/div>\n\t\t\t\t<div class=\"elementor-element elementor-element-da75b7c elementor-widget-divider--view-line elementor-widget elementor-widget-divider\" data-id=\"da75b7c\" data-element_type=\"widget\" data-e-type=\"widget\" data-widget_type=\"divider.default\">\n\t\t\t\t<div class=\"elementor-widget-container\">\n\t\t\t\t\t\t\t<div class=\"elementor-divider\">\n\t\t\t<span class=\"elementor-divider-separator\">\n\t\t\t\t\t\t<\/span>\n\t\t<\/div>\n\t\t\t\t\t\t<\/div>\n\t\t\t\t<\/div>\n\t\t\t\t<div class=\"elementor-element elementor-element-8e75221 elementor-widget elementor-widget-spacer\" data-id=\"8e75221\" data-element_type=\"widget\" data-e-type=\"widget\" data-widget_type=\"spacer.default\">\n\t\t\t\t<div class=\"elementor-widget-container\">\n\t\t\t\t\t\t\t<div class=\"elementor-spacer\">\n\t\t\t<div class=\"elementor-spacer-inner\"><\/div>\n\t\t<\/div>\n\t\t\t\t\t\t<\/div>\n\t\t\t\t<\/div>\n\t\t            <\/div>\n        <\/div>\n                    <\/div>\n        <\/section>\n        \t\t<\/div>\n\t\t","protected":false},"excerpt":{"rendered":"<p>Proposta de valor Acreditamos que a decis\u00e3o de investimento deve estar a servi\u00e7o de aspira\u00e7\u00f5es e objetivos devidamente explicitados e pactuados com cada uma das fam\u00edlias empres\u00e1rias que atendemos. A principal consequ\u00eancia dessa cren\u00e7a \u00e9 que a sele\u00e7\u00e3o de oportunidades e a decis\u00e3o de realizar um determinado investimento s\u00e3o guiadas pelos mandatos outorgados a n\u00f3s. [&hellip;]<\/p>\n","protected":false},"author":2,"featured_media":0,"parent":0,"menu_order":0,"comment_status":"closed","ping_status":"closed","template":"","meta":{"footnotes":"","_links_to":"","_links_to_target":""},"class_list":["post-23","page","type-page","status-publish","hentry"],"_links":{"self":[{"href":"https:\/\/pradabr.com.br\/2022\/wp-json\/wp\/v2\/pages\/23","targetHints":{"allow":["GET"]}}],"collection":[{"href":"https:\/\/pradabr.com.br\/2022\/wp-json\/wp\/v2\/pages"}],"about":[{"href":"https:\/\/pradabr.com.br\/2022\/wp-json\/wp\/v2\/types\/page"}],"author":[{"embeddable":true,"href":"https:\/\/pradabr.com.br\/2022\/wp-json\/wp\/v2\/users\/2"}],"replies":[{"embeddable":true,"href":"https:\/\/pradabr.com.br\/2022\/wp-json\/wp\/v2\/comments?post=23"}],"version-history":[{"count":240,"href":"https:\/\/pradabr.com.br\/2022\/wp-json\/wp\/v2\/pages\/23\/revisions"}],"predecessor-version":[{"id":9993,"href":"https:\/\/pradabr.com.br\/2022\/wp-json\/wp\/v2\/pages\/23\/revisions\/9993"}],"wp:attachment":[{"href":"https:\/\/pradabr.com.br\/2022\/wp-json\/wp\/v2\/media?parent=23"}],"curies":[{"name":"wp","href":"https:\/\/api.w.org\/{rel}","templated":true}]}}