{"id":2591,"date":"2020-12-16T08:24:15","date_gmt":"2020-12-16T08:24:15","guid":{"rendered":"https:\/\/demo.casethemes.net\/intime\/?page_id=2591"},"modified":"2023-07-05T22:26:25","modified_gmt":"2023-07-06T01:26:25","slug":"governanca-conselho-deliberativo","status":"publish","type":"page","link":"https:\/\/pradabr.com.br\/2022\/governanca-conselho-deliberativo\/","title":{"rendered":"Governan\u00e7a: conselho deliberativo"},"content":{"rendered":"\t\t<div data-elementor-type=\"wp-page\" data-elementor-id=\"2591\" class=\"elementor elementor-2591\" data-elementor-post-type=\"page\">\n\t\t\t\t        <section class=\"elementor-section elementor-top-section elementor-element elementor-element-6e616089 elementor-section-stretched elementor-section-boxed elementor-section-height-default elementor-section-height-default\" data-id=\"6e616089\" data-element_type=\"section\" data-e-type=\"section\" data-settings=\"{&quot;stretch_section&quot;:&quot;section-stretched&quot;,&quot;background_background&quot;:&quot;classic&quot;,&quot;background_motion_fx_motion_fx_scrolling&quot;:&quot;yes&quot;,&quot;background_motion_fx_devices&quot;:[&quot;desktop&quot;,&quot;tablet&quot;,&quot;mobile&quot;]}\">\n                            <div class=\"elementor-background-overlay\"><\/div>\n                \n                        <div class=\"elementor-container elementor-column-gap-extended \">\n                    <div class=\"elementor-column elementor-col-100 elementor-top-column elementor-element elementor-element-79f2ff53\" data-id=\"79f2ff53\" data-element_type=\"column\" data-e-type=\"column\">\n        <div class=\"elementor-widget-wrap elementor-element-populated\">\n                    \n                <section class=\"elementor-section elementor-inner-section elementor-element elementor-element-5217df45 elementor-section-content-middle elementor-section-boxed elementor-section-height-default elementor-section-height-default\" data-id=\"5217df45\" data-element_type=\"section\" data-e-type=\"section\">\n            \n                        <div class=\"elementor-container elementor-column-gap-extended \">\n                    <div class=\"elementor-column elementor-col-50 elementor-inner-column elementor-element elementor-element-1b418f9b\" data-id=\"1b418f9b\" data-element_type=\"column\" data-e-type=\"column\">\n        <div class=\"elementor-widget-wrap elementor-element-populated\">\n                    \n        \t\t<div class=\"elementor-element elementor-element-a41ed07 elementor-widget elementor-widget-ct_heading\" data-id=\"a41ed07\" data-element_type=\"widget\" data-e-type=\"widget\" data-widget_type=\"ct_heading.default\">\n\t\t\t\t<div class=\"elementor-widget-container\">\n\t\t\t\t\t<div class=\"ct-heading h-align- item-st-default\">\r\n\t\t\t<div class=\"item--sub-title style-default\">\r\n            <span>\r\n                             <\/span>\r\n        <\/div>\r\n\t    <h3 class=\"item--title case-animate-time st-default \" data-wow-delay=\"ms\">\r\n        <span class=\"slide-in-container\"><span class=\"d-inline-block wow case-fade-in-up\">Conselho<\/span><\/span> <span class=\"slide-in-container\"><span class=\"d-inline-block wow case-fade-in-up\">Deliberativo<\/span><\/span>    <\/h3>\r\n<\/div>\r\n\r\n\t\t\t\t<\/div>\n\t\t\t\t<\/div>\n\t\t            <\/div>\n        <\/div>\n                <div class=\"elementor-column elementor-col-50 elementor-inner-column elementor-element elementor-element-58c51361\" data-id=\"58c51361\" data-element_type=\"column\" data-e-type=\"column\">\n        <div class=\"elementor-widget-wrap elementor-element-populated\">\n                    \n        \t\t<div class=\"elementor-element elementor-element-20bc86f8 elementor-widget elementor-widget-ct_text_editor\" data-id=\"20bc86f8\" data-element_type=\"widget\" data-e-type=\"widget\" data-widget_type=\"ct_text_editor.default\">\n\t\t\t\t<div class=\"elementor-widget-container\">\n\t\t\t\t\t<div id=\"ct_text_editor-20bc86f8\" class=\"ct-text-editor \" data-wow-delay=\"ms\">\n\t<div class=\"ct-inline-css\"  data-css=\"\n        \t\t\">\n\n    <\/div>\n\t<div class=\"ct-text-editor elementor-clearfix\">\n\t\t<p>O<strong>\u00a0Conselho Deliberativo<\/strong> \u00e9 o principal f\u00f3rum de governan\u00e7a da <strong><span style=\"color: #d16531\">PRADA<\/span><\/strong>. O Conselho \u00e9 respons\u00e1vel por estabelecer as diretrizes estrat\u00e9gicas da <strong><span style=\"color: #d16531\">PRADA<\/span><\/strong>, assegurar o desenvolvimento da nossa lideran\u00e7a e contribuir para a constru\u00e7\u00e3o de cen\u00e1rio local e internacional.<\/p>\t\t\n\t<\/div>\n<\/div>\t\t\t\t<\/div>\n\t\t\t\t<\/div>\n\t\t            <\/div>\n        <\/div>\n                    <\/div>\n        <\/section>\n        \t\t<div class=\"elementor-element elementor-element-ac3fe81 elementor-widget elementor-widget-ct_text_editor\" data-id=\"ac3fe81\" data-element_type=\"widget\" data-e-type=\"widget\" data-widget_type=\"ct_text_editor.default\">\n\t\t\t\t<div class=\"elementor-widget-container\">\n\t\t\t\t\t<div id=\"ct_text_editor-ac3fe81\" class=\"ct-text-editor \" data-wow-delay=\"ms\">\n\t<div class=\"ct-inline-css\"  data-css=\"\n        \t\t\">\n\n    <\/div>\n\t<div class=\"ct-text-editor elementor-clearfix\">\n\t\t<p>Contamos com a dedica\u00e7\u00e3o de um grupo seleto de experientes conselheiros, nossos <a href=\"https:\/\/pradabr.com.br\/2022\/yoda\/\" data-saferedirecturl=\"https:\/\/www.google.com\/url?q=https:\/\/pradabr.com.br\/2022\/yoda\/&amp;source=gmail&amp;ust=1684872513975000&amp;usg=AOvVaw3j0NmGedEDwkunKKkV7WPi\">Yodas:<\/a> <span style=\"color: #452113\"><strong>Pedro Malan, Daniela Rogatis, Cristina Nogueira e Frank Fedder\u00a0 e Zeina Latif.<\/strong><\/span><\/p><p>J\u00e1 participaram do Conselho Deliberativo: <a href=\"https:\/\/prada.wowbrazil.com.br\/fabio-barbosa\/\">Fabio Barbosa<\/a>, <a href=\"https:\/\/prada.wowbrazil.com.br\/ilan-goldfajn\/\">Ilan Goldfajn<\/a>, <a href=\"https:\/\/prada.wowbrazil.com.br\/jose-berenguer\/\">Jose Berenguer<\/a>, <a href=\"https:\/\/prada.wowbrazil.com.br\/lilian-schwarcz\/\">Lilian Schwarcz<\/a> e <a href=\"https:\/\/prada.wowbrazil.com.br\/pedro-parente\/\">Pedro Parente<\/a>.<\/p>\t\t\n\t<\/div>\n<\/div>\t\t\t\t<\/div>\n\t\t\t\t<\/div>\n\t\t\t\t<div class=\"elementor-element elementor-element-548d99a elementor-widget elementor-widget-spacer\" data-id=\"548d99a\" data-element_type=\"widget\" data-e-type=\"widget\" data-widget_type=\"spacer.default\">\n\t\t\t\t<div class=\"elementor-widget-container\">\n\t\t\t\t\t\t\t<div class=\"elementor-spacer\">\n\t\t\t<div class=\"elementor-spacer-inner\"><\/div>\n\t\t<\/div>\n\t\t\t\t\t\t<\/div>\n\t\t\t\t<\/div>\n\t\t\t\t<div class=\"elementor-element elementor-element-89400aa elementor-widget elementor-widget-spacer\" data-id=\"89400aa\" data-element_type=\"widget\" data-e-type=\"widget\" data-widget_type=\"spacer.default\">\n\t\t\t\t<div class=\"elementor-widget-container\">\n\t\t\t\t\t\t\t<div class=\"elementor-spacer\">\n\t\t\t<div class=\"elementor-spacer-inner\"><\/div>\n\t\t<\/div>\n\t\t\t\t\t\t<\/div>\n\t\t\t\t<\/div>\n\t\t\t\t<div class=\"elementor-element elementor-element-2aed2d92 elementor-widget elementor-widget-ct_portfolio_grid\" data-id=\"2aed2d92\" data-element_type=\"widget\" data-e-type=\"widget\" data-widget_type=\"ct_portfolio_grid.default\">\n\t\t\t\t<div class=\"elementor-widget-container\">\n\t\t\t\t\t\r\n<div id=\"ct_portfolio_grid-2aed2d92\" class=\"ct-grid ct-portfolio ct-portfolio-grid1\" data-layout=\"masonry\" data-start-page=\"1\" data-max-pages=\"1\" data-total=\"5\" data-perpage=\"5\" data-next-link=\"\">\r\n    <div class=\"ct-grid-overlay\"><\/div>\r\n    \r\n    <div class=\"ct-grid-inner ct-grid-masonry row animate-time\" data-gutter=\"15\">\r\n                        <div class=\"grid-item col-xl-4 col-lg-4 col-md-4 col-sm-12 col-12 conselheiros\">\r\n                    <div class=\"grid-item-inner \" data-wow-duration=\"1.2s\">\r\n                                                    <div class=\"item--featured\">\r\n                                <img fetchpriority=\"high\" decoding=\"async\" class=\"no-lazyload \" src=\"https:\/\/pradabr.com.br\/2022\/wp-content\/uploads\/2023\/04\/pedro-malan-1-570x652.jpg\" width=\"570\" height=\"652\" alt=\"pedro-malan\" title=\"pedro-malan\" \/>                                                                    <div class=\"item--readmore\">\r\n                                        <a class=\"btn btn-animate\" href=\"https:\/\/pradabr.com.br\/2022\/portfolio\/pedro-malan\/\">\r\n                                            <span>Veja mais<\/span>\r\n                                            <i>+<\/i>\r\n                                        <\/a>\r\n                                    <\/div>\r\n                                                            <\/div>\r\n                                                \r\n                        <div class=\"item--holder\">\r\n                                                            <h3 class=\"item--title\"><a href=\"https:\/\/pradabr.com.br\/2022\/portfolio\/pedro-malan\/\">Pedro Malan<\/a><\/h3>\r\n                                                                                <\/div>\r\n                    <\/div>\r\n                <\/div>\r\n                            <div class=\"grid-item col-xl-4 col-lg-4 col-md-4 col-sm-12 col-12 conselheiros\">\r\n                    <div class=\"grid-item-inner \" data-wow-duration=\"1.2s\">\r\n                                                    <div class=\"item--featured\">\r\n                                <img decoding=\"async\" class=\"no-lazyload \" src=\"https:\/\/pradabr.com.br\/2022\/wp-content\/uploads\/2023\/04\/dani-570x652.jpg\" width=\"570\" height=\"652\" alt=\"dani\" title=\"dani\" \/>                                                                    <div class=\"item--readmore\">\r\n                                        <a class=\"btn btn-animate\" href=\"https:\/\/pradabr.com.br\/2022\/portfolio\/daniela-rogatis\/\">\r\n                                            <span>Veja mais<\/span>\r\n                                            <i>+<\/i>\r\n                                        <\/a>\r\n                                    <\/div>\r\n                                                            <\/div>\r\n                                                \r\n                        <div class=\"item--holder\">\r\n                                                            <h3 class=\"item--title\"><a href=\"https:\/\/pradabr.com.br\/2022\/portfolio\/daniela-rogatis\/\">Daniela Rogatis<\/a><\/h3>\r\n                                                                                <\/div>\r\n                    <\/div>\r\n                <\/div>\r\n                            <div class=\"grid-item col-xl-4 col-lg-4 col-md-4 col-sm-12 col-12 conselheiros\">\r\n                    <div class=\"grid-item-inner \" data-wow-duration=\"1.2s\">\r\n                                                    <div class=\"item--featured\">\r\n                                <img decoding=\"async\" class=\"no-lazyload \" src=\"https:\/\/pradabr.com.br\/2022\/wp-content\/uploads\/2023\/04\/Franklin-Feder_1-1-570x652.jpeg\" width=\"570\" height=\"652\" alt=\"Franklin-Feder_1\" title=\"Franklin-Feder_1\" \/>                                                                    <div class=\"item--readmore\">\r\n                                        <a class=\"btn btn-animate\" href=\"https:\/\/pradabr.com.br\/2022\/portfolio\/frank-feder\/\">\r\n                                            <span>Veja mais<\/span>\r\n                                            <i>+<\/i>\r\n                                        <\/a>\r\n                                    <\/div>\r\n                                                            <\/div>\r\n                                                \r\n                        <div class=\"item--holder\">\r\n                                                            <h3 class=\"item--title\"><a href=\"https:\/\/pradabr.com.br\/2022\/portfolio\/frank-feder\/\">Frank Feder<\/a><\/h3>\r\n                                                                                <\/div>\r\n                    <\/div>\r\n                <\/div>\r\n                            <div class=\"grid-item col-xl-4 col-lg-4 col-md-4 col-sm-12 col-12 conselheiros\">\r\n                    <div class=\"grid-item-inner \" data-wow-duration=\"1.2s\">\r\n                                                    <div class=\"item--featured\">\r\n                                <img loading=\"lazy\" decoding=\"async\" class=\"no-lazyload \" src=\"https:\/\/pradabr.com.br\/2022\/wp-content\/uploads\/2023\/04\/cristina-nogueira-pb-570x652.jpg\" width=\"570\" height=\"652\" alt=\"cristina-nogueira-pb\" title=\"cristina-nogueira-pb\" \/>                                                                    <div class=\"item--readmore\">\r\n                                        <a class=\"btn btn-animate\" href=\"https:\/\/pradabr.com.br\/2022\/portfolio\/cristina-nogueira\/\">\r\n                                            <span>Veja mais<\/span>\r\n                                            <i>+<\/i>\r\n                                        <\/a>\r\n                                    <\/div>\r\n                                                            <\/div>\r\n                                                \r\n                        <div class=\"item--holder\">\r\n                                                            <h3 class=\"item--title\"><a href=\"https:\/\/pradabr.com.br\/2022\/portfolio\/cristina-nogueira\/\">Cristina Nogueira<\/a><\/h3>\r\n                                                                                <\/div>\r\n                    <\/div>\r\n                <\/div>\r\n                            <div class=\"grid-item col-xl-4 col-lg-4 col-md-4 col-sm-12 col-12 conselheiros\">\r\n                    <div class=\"grid-item-inner \" data-wow-duration=\"1.2s\">\r\n                                                    <div class=\"item--featured\">\r\n                                <img loading=\"lazy\" decoding=\"async\" class=\"no-lazyload \" src=\"https:\/\/pradabr.com.br\/2022\/wp-content\/uploads\/2023\/04\/zeina-570x652.jpg\" width=\"570\" height=\"652\" alt=\"zeina\" title=\"zeina\" \/>                                                                    <div class=\"item--readmore\">\r\n                                        <a class=\"btn btn-animate\" href=\"https:\/\/pradabr.com.br\/2022\/portfolio\/zeina-latif\/\">\r\n                                            <span>Veja mais<\/span>\r\n                                            <i>+<\/i>\r\n                                        <\/a>\r\n                                    <\/div>\r\n                                                            <\/div>\r\n                                                \r\n                        <div class=\"item--holder\">\r\n                                                            <h3 class=\"item--title\"><a href=\"https:\/\/pradabr.com.br\/2022\/portfolio\/zeina-latif\/\">Zeina Latif<\/a><\/h3>\r\n                                                                                <\/div>\r\n                    <\/div>\r\n                <\/div>\r\n                                <div class=\"grid-sizer col-xl-4 col-lg-4 col-md-4 col-sm-12 col-12\"><\/div>\r\n            <\/div>\r\n        <\/div>\t\t\t\t<\/div>\n\t\t\t\t<\/div>\n\t\t            <\/div>\n        <\/div>\n                    <\/div>\n        <\/section>\n        \t\t<\/div>\n\t\t","protected":false},"excerpt":{"rendered":"<p>Conselho Deliberativo O\u00a0Conselho Deliberativo \u00e9 o principal f\u00f3rum de governan\u00e7a da PRADA. O Conselho \u00e9 respons\u00e1vel por estabelecer as diretrizes estrat\u00e9gicas da PRADA, assegurar o desenvolvimento da nossa lideran\u00e7a e contribuir para a constru\u00e7\u00e3o de cen\u00e1rio local e internacional. Contamos com a dedica\u00e7\u00e3o de um grupo seleto de experientes conselheiros, nossos Yodas: Pedro Malan, Daniela [&hellip;]<\/p>\n","protected":false},"author":2,"featured_media":0,"parent":0,"menu_order":0,"comment_status":"closed","ping_status":"closed","template":"","meta":{"footnotes":"","_links_to":"","_links_to_target":""},"class_list":["post-2591","page","type-page","status-publish","hentry"],"_links":{"self":[{"href":"https:\/\/pradabr.com.br\/2022\/wp-json\/wp\/v2\/pages\/2591","targetHints":{"allow":["GET"]}}],"collection":[{"href":"https:\/\/pradabr.com.br\/2022\/wp-json\/wp\/v2\/pages"}],"about":[{"href":"https:\/\/pradabr.com.br\/2022\/wp-json\/wp\/v2\/types\/page"}],"author":[{"embeddable":true,"href":"https:\/\/pradabr.com.br\/2022\/wp-json\/wp\/v2\/users\/2"}],"replies":[{"embeddable":true,"href":"https:\/\/pradabr.com.br\/2022\/wp-json\/wp\/v2\/comments?post=2591"}],"version-history":[{"count":108,"href":"https:\/\/pradabr.com.br\/2022\/wp-json\/wp\/v2\/pages\/2591\/revisions"}],"predecessor-version":[{"id":9965,"href":"https:\/\/pradabr.com.br\/2022\/wp-json\/wp\/v2\/pages\/2591\/revisions\/9965"}],"wp:attachment":[{"href":"https:\/\/pradabr.com.br\/2022\/wp-json\/wp\/v2\/media?parent=2591"}],"curies":[{"name":"wp","href":"https:\/\/api.w.org\/{rel}","templated":true}]}}