{"id":7465,"date":"2023-04-10T15:40:32","date_gmt":"2023-04-10T18:40:32","guid":{"rendered":"https:\/\/pradabr.com.br\/2022\/?page_id=7465"},"modified":"2023-07-04T10:57:53","modified_gmt":"2023-07-04T13:57:53","slug":"yoda","status":"publish","type":"page","link":"https:\/\/pradabr.com.br\/2022\/yoda\/","title":{"rendered":"YODA"},"content":{"rendered":"\t\t<div data-elementor-type=\"wp-page\" data-elementor-id=\"7465\" class=\"elementor elementor-7465\" data-elementor-post-type=\"page\">\n\t\t\t\t        <section class=\"elementor-section elementor-top-section elementor-element elementor-element-b7f60e0 section-align-top elementor-section-boxed elementor-section-height-default elementor-section-height-default\" data-id=\"b7f60e0\" data-element_type=\"section\" data-e-type=\"section\">\n            \n                        <div class=\"elementor-container elementor-column-gap-extended \">\n                    <div class=\"elementor-column elementor-col-50 elementor-top-column elementor-element elementor-element-c5b6de5\" data-id=\"c5b6de5\" data-element_type=\"column\" data-e-type=\"column\">\n        <div class=\"elementor-widget-wrap elementor-element-populated\">\n                    \n        \t\t<div class=\"elementor-element elementor-element-8b8e15f elementor-widget elementor-widget-ct_image\" data-id=\"8b8e15f\" data-element_type=\"widget\" data-e-type=\"widget\" data-widget_type=\"ct_image.default\">\n\t\t\t\t<div class=\"elementor-widget-container\">\n\t\t\t\t\t<div class=\"ct-image-single  \">\r\n                                        <img fetchpriority=\"high\" decoding=\"async\" width=\"1600\" height=\"1920\" src=\"https:\/\/pradabr.com.br\/2022\/wp-content\/uploads\/2023\/07\/Yoda_SWSB.jpg\" class=\"attachment-full\" alt=\"\" \/>                            <\/div>\t\t\t\t<\/div>\n\t\t\t\t<\/div>\n\t\t            <\/div>\n        <\/div>\n                <div class=\"elementor-column elementor-col-50 elementor-top-column elementor-element elementor-element-8951c58 column-sticky\" data-id=\"8951c58\" data-element_type=\"column\" data-e-type=\"column\">\n        <div class=\"elementor-widget-wrap elementor-element-populated\">\n                    \n        \t\t<div class=\"elementor-element elementor-element-085ef01 elementor-widget elementor-widget-ct_heading\" data-id=\"085ef01\" data-element_type=\"widget\" data-e-type=\"widget\" data-widget_type=\"ct_heading.default\">\n\t\t\t\t<div class=\"elementor-widget-container\">\n\t\t\t\t\t<div class=\"ct-heading h-align- item-st-default\">\r\n\t    <h3 class=\"item--title case-animate-time st-default \" data-wow-delay=\"ms\">\r\n        <span>Yoda\n\n\n\n\n<\/span>    <\/h3>\r\n<\/div>\r\n\r\n\t\t\t\t<\/div>\n\t\t\t\t<\/div>\n\t\t\t\t<div class=\"elementor-element elementor-element-df03a4b elementor-widget elementor-widget-ct_text_editor\" data-id=\"df03a4b\" data-element_type=\"widget\" data-e-type=\"widget\" data-widget_type=\"ct_text_editor.default\">\n\t\t\t\t<div class=\"elementor-widget-container\">\n\t\t\t\t\t<div id=\"ct_text_editor-df03a4b\" class=\"ct-text-editor \" data-wow-delay=\"ms\">\n\t<div class=\"ct-inline-css\"  data-css=\"\n        \t\t\">\n\n    <\/div>\n\t<div class=\"ct-text-editor elementor-clearfix\">\n\t\t<p>O Yoda \u00e9 um personagem do filme <em>Star Wars <\/em>do diretor George Lucas. Yoda \u00e9 s\u00e1bio, preciso e habilidoso. \u00c9 com a sabedoria dele que Luke Skywalker alcan\u00e7a o seu potencial m\u00e1ximo e vence a guerra do bem contra o mal.<\/p>\t\t\n\t<\/div>\n<\/div>\t\t\t\t<\/div>\n\t\t\t\t<\/div>\n\t\t\t\t<div class=\"elementor-element elementor-element-5f8e580 elementor-view-default elementor-widget elementor-widget-icon\" data-id=\"5f8e580\" data-element_type=\"widget\" data-e-type=\"widget\" data-widget_type=\"icon.default\">\n\t\t\t\t<div class=\"elementor-widget-container\">\n\t\t\t\t\t\t\t<div class=\"elementor-icon-wrapper\">\n\t\t\t<a class=\"elementor-icon\" href=\"https:\/\/pradabr.com.br\/2022\/governanca-conselho-deliberativo\/\">\n\t\t\t<i aria-hidden=\"true\" class=\"material zmdi zmdi-arrow-back\"><\/i>\t\t\t<\/a>\n\t\t<\/div>\n\t\t\t\t\t\t<\/div>\n\t\t\t\t<\/div>\n\t\t            <\/div>\n        <\/div>\n                    <\/div>\n        <\/section>\n        \t\t<\/div>\n\t\t","protected":false},"excerpt":{"rendered":"<p>Yoda O Yoda \u00e9 um personagem do filme Star Wars do diretor George Lucas. Yoda \u00e9 s\u00e1bio, preciso e habilidoso. \u00c9 com a sabedoria dele que Luke Skywalker alcan\u00e7a o seu potencial m\u00e1ximo e vence a guerra do bem contra o mal.<\/p>\n","protected":false},"author":2,"featured_media":0,"parent":0,"menu_order":0,"comment_status":"closed","ping_status":"closed","template":"","meta":{"footnotes":"","_links_to":"","_links_to_target":""},"class_list":["post-7465","page","type-page","status-publish","hentry"],"_links":{"self":[{"href":"https:\/\/pradabr.com.br\/2022\/wp-json\/wp\/v2\/pages\/7465","targetHints":{"allow":["GET"]}}],"collection":[{"href":"https:\/\/pradabr.com.br\/2022\/wp-json\/wp\/v2\/pages"}],"about":[{"href":"https:\/\/pradabr.com.br\/2022\/wp-json\/wp\/v2\/types\/page"}],"author":[{"embeddable":true,"href":"https:\/\/pradabr.com.br\/2022\/wp-json\/wp\/v2\/users\/2"}],"replies":[{"embeddable":true,"href":"https:\/\/pradabr.com.br\/2022\/wp-json\/wp\/v2\/comments?post=7465"}],"version-history":[{"count":15,"href":"https:\/\/pradabr.com.br\/2022\/wp-json\/wp\/v2\/pages\/7465\/revisions"}],"predecessor-version":[{"id":9929,"href":"https:\/\/pradabr.com.br\/2022\/wp-json\/wp\/v2\/pages\/7465\/revisions\/9929"}],"wp:attachment":[{"href":"https:\/\/pradabr.com.br\/2022\/wp-json\/wp\/v2\/media?parent=7465"}],"curies":[{"name":"wp","href":"https:\/\/api.w.org\/{rel}","templated":true}]}}